{"id":2,"date":"2024-01-03T21:15:10","date_gmt":"2024-01-04T00:15:10","guid":{"rendered":"http:\/\/lp.arfanviagens.com.br\/?page_id=2"},"modified":"2024-01-03T22:02:16","modified_gmt":"2024-01-04T01:02:16","slug":"lp","status":"publish","type":"page","link":"https:\/\/lp.arfanviagens.com.br\/index.php\/lp\/","title":{"rendered":"Vamos para a Europa?"},"content":{"rendered":"\n<p><br>Viajar para a Europa, \u00e9 realmente encantador e um sonho para muitas pessoas independente se \u00e9 a trabalho ou lazer. <\/p>\n\n\n\n<p>Para quem sai do Brasil<\/p>\n\n\n\n<p><\/p>\n\n\n\n<blockquote class=\"wp-block-quote\">\n<p>Pensando na tend\u00eancia de atendimentos robotizados da internet nos dias de hoje, a Arfan Viagens caminha na contram\u00e3o disso. Visamos um atendimento personalizado, buscando entender as suas necessidades e assim proporcionar o melhor atendimento.<\/p>\n\n\n\n<p>A nossa proposta \u00e9 acompanhar voc\u00ea desde o primeiro contato at\u00e9 o retorno pra sua casa. N\u00f3s daremos todo o suporte necess\u00e1rio, ou seja, n\u00f3s iremos realizar o Check-in pra voc\u00ea. Caso tenha alguma altera\u00e7\u00e3o ou qualquer problema, n\u00f3s estaremos monitorando e te informando, e se for necess\u00e1rio alguma a\u00e7\u00e3o com a Cia a\u00e9rea, n\u00f3s o faremos.<\/p>\n\n\n\n<p>Oferecemos as melhores condi\u00e7\u00f5es, pois trabalhamos com v\u00e1rios fornecedores de produtos tur\u00edsticos e por isso conseguimos os melhores pre\u00e7os.<\/p>\n\n\n\n<p>Podemos ajudar a complemento o seu roteiro pois temos acesso a diversos ingressos, passeios, traslados e loca\u00e7\u00e3o de carros tamb\u00e9m, deixando a sua viagem mais completa e organizada com anteced\u00eancia, evitando assim que perca tempo durante a viagem com isso.<\/p>\n\n\n\n<p>E assim, voc\u00ea pode focar 100% em aproveitar a sua viagem e deixar o resto com a gente.<\/p>\n<\/blockquote>\n\n\n\n<p>&#8230;ou alguma coisa assim:<\/p>\n\n\n\n<blockquote class=\"wp-block-quote\">\n<p>A Companhia de Miniaturas XYZ foi fundada em 1971, e desde ent\u00e3o tem fornecido miniaturas de qualidade ao p\u00fablico. Localizada na cidade de Itu, a XYZ emprega mais de 2.000 pessoas e faz coisas grandiosas para a comunidade da cidade.<\/p>\n<\/blockquote>\n\n\n\n<p>Como um novo usu\u00e1rio do WordPress, voc\u00ea deveria ir ao <a href=\"http:\/\/lp.arfanviagens.com.br\/wp-admin\/\">painel<\/a> para excluir essa p\u00e1gina e criar novas p\u00e1ginas para o seu conte\u00fado. Divirta-se!<\/p>\n","protected":false},"excerpt":{"rendered":"<p>Viajar para a Europa, \u00e9 realmente encantador e um sonho para muitas pessoas independente se \u00e9 a trabalho ou lazer. Para quem sai do Brasil Pensando na tend\u00eancia de atendimentos robotizados da internet nos dias de hoje, a Arfan Viagens caminha na contram\u00e3o disso. Visamos um atendimento personalizado, buscando entender as suas necessidades e assim [&hellip;]<\/p>\n","protected":false},"author":1,"featured_media":0,"parent":0,"menu_order":0,"comment_status":"closed","ping_status":"closed","template":"","meta":{"footnotes":""},"_links":{"self":[{"href":"https:\/\/lp.arfanviagens.com.br\/index.php\/wp-json\/wp\/v2\/pages\/2"}],"collection":[{"href":"https:\/\/lp.arfanviagens.com.br\/index.php\/wp-json\/wp\/v2\/pages"}],"about":[{"href":"https:\/\/lp.arfanviagens.com.br\/index.php\/wp-json\/wp\/v2\/types\/page"}],"author":[{"embeddable":true,"href":"https:\/\/lp.arfanviagens.com.br\/index.php\/wp-json\/wp\/v2\/users\/1"}],"replies":[{"embeddable":true,"href":"https:\/\/lp.arfanviagens.com.br\/index.php\/wp-json\/wp\/v2\/comments?post=2"}],"version-history":[{"count":3,"href":"https:\/\/lp.arfanviagens.com.br\/index.php\/wp-json\/wp\/v2\/pages\/2\/revisions"}],"predecessor-version":[{"id":6,"href":"https:\/\/lp.arfanviagens.com.br\/index.php\/wp-json\/wp\/v2\/pages\/2\/revisions\/6"}],"wp:attachment":[{"href":"https:\/\/lp.arfanviagens.com.br\/index.php\/wp-json\/wp\/v2\/media?parent=2"}],"curies":[{"name":"wp","href":"https:\/\/api.w.org\/{rel}","templated":true}]}}